{"id":1154,"date":"2024-08-02T09:38:58","date_gmt":"2024-08-02T09:38:58","guid":{"rendered":"https:\/\/ecdsl.com\/politica-de-cookies\/"},"modified":"2024-08-02T09:38:58","modified_gmt":"2024-08-02T09:38:58","slug":"politica-de-cookies","status":"publish","type":"page","link":"https:\/\/ecdsl.com\/en\/politica-de-cookies\/","title":{"rendered":"Pol\u00edtica de cookies"},"content":{"rendered":"<p><strong>ELECTRONIC CIRCUIT DESIGN, SLU<\/strong><\/p>\n<p><strong>NIF<\/strong>: B16504821<\/p>\n<p><strong>Direcci\u00f3n<\/strong>: C\/ ISAAC NEWTON, S\/N &#8211; PLANTA 2 &#8211; PUERTA C11, 07121 PALMA DE MALLORCA<\/p>\n<hr \/>\n<h4>1. <strong>Introducci\u00f3n<\/strong><\/h4>\n<p>En ELECTRONIC CIRCUIT DESIGN, SLU, utilizamos cookies y tecnolog\u00edas similares para mejorar la experiencia de nuestros usuarios en nuestro sitio web. Esta Pol\u00edtica de Cookies explica qu\u00e9 son las cookies, c\u00f3mo las utilizamos y c\u00f3mo puede gestionar sus preferencias respecto a las cookies.<\/p>\n<h4>2. <strong>\u00bfQu\u00e9 son las Cookies?<\/strong><\/h4>\n<p>Las cookies son peque\u00f1os archivos de texto que se almacenan en su dispositivo (ordenador, tableta, smartphone) cuando visita un sitio web. Estos archivos permiten que el sitio web reconozca su dispositivo y recuerde sus preferencias y acciones realizadas anteriormente.<\/p>\n<h4>3. <strong>Tipos de Cookies que Utilizamos<\/strong><\/h4>\n<p>Utilizamos varios tipos de cookies para diferentes prop\u00f3sitos:<\/p>\n<ul>\n<li><strong>Cookies Esenciales<\/strong>: Estas cookies son necesarias para el funcionamiento del sitio web y no se pueden desactivar en nuestros sistemas. Incluyen, por ejemplo, cookies que le permiten acceder a \u00e1reas seguras del sitio web.<\/li>\n<li><strong>Cookies de Rendimiento<\/strong>: Estas cookies nos permiten contar las visitas y fuentes de tr\u00e1fico para poder medir y mejorar el rendimiento de nuestro sitio web. Nos ayudan a saber qu\u00e9 p\u00e1ginas son las m\u00e1s y las menos populares y a ver c\u00f3mo los visitantes se mueven por el sitio.<\/li>\n<li><strong>Cookies Funcionales<\/strong>: Estas cookies permiten que el sitio web brinde una funcionalidad mejorada y personalizaci\u00f3n. Pueden ser establecidas por nosotros o por terceros cuyos servicios hemos a\u00f1adido a nuestras p\u00e1ginas.<\/li>\n<li><strong>Cookies de Publicidad<\/strong>: Estas cookies pueden ser establecidas a trav\u00e9s de nuestro sitio por nuestros socios publicitarios. Pueden ser utilizadas por esas empresas para crear un perfil de sus intereses y mostrarle anuncios relevantes en otros sitios.<\/li>\n<\/ul>\n<h4>4. <strong>Gesti\u00f3n de Cookies<\/strong><\/h4>\n<p>Usted puede gestionar sus preferencias de cookies a trav\u00e9s de la configuraci\u00f3n de su navegador web. La mayor\u00eda de los navegadores le permiten rechazar las cookies o aceptar solo ciertos tipos de cookies. A continuaci\u00f3n, se proporcionan enlaces a las p\u00e1ginas de informaci\u00f3n de cookies de los navegadores m\u00e1s populares:<\/p>\n<ul>\n<li><a target=\"_new\" rel=\"noreferrer noopener\">Google Chrome<\/a><\/li>\n<li><a href=\"https:\/\/support.mozilla.org\/es\/kb\/cookies-informacion-que-los-sitios-web-guardan-en-\" target=\"_new\" rel=\"noreferrer noopener\">Mozilla Firefox<\/a><\/li>\n<li><a href=\"https:\/\/support.apple.com\/es-es\/guide\/safari\/sfri11471\/mac\" target=\"_new\" rel=\"noreferrer noopener\">Safari<\/a><\/li>\n<li><a href=\"https:\/\/support.microsoft.com\/es-es\/help\/4027947\/windows-delete-cookies\" target=\"_new\" rel=\"noreferrer noopener\">Microsoft Edge<\/a><\/li>\n<\/ul>\n<p>Tenga en cuenta que si decide bloquear o eliminar cookies, algunas partes de nuestro sitio web pueden no funcionar correctamente.<\/p>\n<h4>5. <strong>Cookies de Terceros<\/strong><\/h4>\n<p>En algunos casos, utilizamos cookies de terceros. Estas cookies son gestionadas por entidades externas y nos ayudan a analizar el tr\u00e1fico web y a mejorar la experiencia del usuario. No tenemos control sobre estas cookies. Para obtener m\u00e1s informaci\u00f3n sobre estas cookies, visite el sitio web del tercero correspondiente.<\/p>\n<h4>6. <strong>Actualizaciones de la Pol\u00edtica de Cookies<\/strong><\/h4>\n<p>Nos reservamos el derecho de actualizar esta Pol\u00edtica de Cookies en cualquier momento. Cualquier cambio ser\u00e1 publicado en nuestro sitio web y, si corresponde, le ser\u00e1 notificado por correo electr\u00f3nico.<\/p>\n<h4>7. <strong>Contacto<\/strong><\/h4>\n<p>Si tiene alguna pregunta o inquietud sobre nuestra Pol\u00edtica de Cookies, por favor, cont\u00e1ctenos en:<\/p>\n<p><strong>ELECTRONIC CIRCUIT DESIGN, SLU<\/strong><br \/>\n<strong>Direcci\u00f3n<\/strong>: C\/ ISAAC NEWTON, S\/N &#8211; PLANTA 2 &#8211; PUERTA C11, 07121 PALMA DE MALLORCA<br \/>\n<strong>NIF<\/strong>: B16504821<br \/>\n<strong>Correo electr\u00f3nico<\/strong>: ecdsl@ecdsl com<\/p>\n","protected":false},"excerpt":{"rendered":"<p>ELECTRONIC CIRCUIT DESIGN, SLU NIF: B16504821 Direcci\u00f3n: C\/ ISAAC NEWTON, S\/N &#8211; PLANTA 2 &#8211; PUERTA C11, 07121 PALMA DE MALLORCA 1. Introducci\u00f3n En ELECTRONIC CIRCUIT DESIGN, SLU, utilizamos cookies y tecnolog\u00edas similares para mejorar la experiencia de nuestros usuarios en nuestro sitio web. Esta Pol\u00edtica de Cookies explica qu\u00e9 son las cookies, c\u00f3mo las [&hellip;]<\/p>\n","protected":false},"author":9,"featured_media":0,"parent":0,"menu_order":0,"comment_status":"closed","ping_status":"closed","template":"","meta":{"_acf_changed":false,"footnotes":""},"class_list":["post-1154","page","type-page","status-publish","hentry"],"acf":[],"_links":{"self":[{"href":"https:\/\/ecdsl.com\/en\/wp-json\/wp\/v2\/pages\/1154","targetHints":{"allow":["GET"]}}],"collection":[{"href":"https:\/\/ecdsl.com\/en\/wp-json\/wp\/v2\/pages"}],"about":[{"href":"https:\/\/ecdsl.com\/en\/wp-json\/wp\/v2\/types\/page"}],"author":[{"embeddable":true,"href":"https:\/\/ecdsl.com\/en\/wp-json\/wp\/v2\/users\/9"}],"replies":[{"embeddable":true,"href":"https:\/\/ecdsl.com\/en\/wp-json\/wp\/v2\/comments?post=1154"}],"version-history":[{"count":0,"href":"https:\/\/ecdsl.com\/en\/wp-json\/wp\/v2\/pages\/1154\/revisions"}],"wp:attachment":[{"href":"https:\/\/ecdsl.com\/en\/wp-json\/wp\/v2\/media?parent=1154"}],"curies":[{"name":"wp","href":"https:\/\/api.w.org\/{rel}","templated":true}]}}