{"id":1155,"date":"2024-07-22T20:27:26","date_gmt":"2024-07-22T20:27:26","guid":{"rendered":"https:\/\/ecdsl.com\/terminos-y-condiciones\/"},"modified":"2024-07-22T20:27:26","modified_gmt":"2024-07-22T20:27:26","slug":"terminos-y-condiciones","status":"publish","type":"page","link":"https:\/\/ecdsl.com\/en\/terminos-y-condiciones\/","title":{"rendered":"T\u00e9rminos y condiciones"},"content":{"rendered":"<p><strong>ELECTRONIC CIRCUIT DESIGN, SLU<\/strong><\/p>\n<p><strong>NIF<\/strong>: B16504821<\/p>\n<p><strong>Direcci\u00f3n<\/strong>: C\/ ISAAC NEWTON, S\/N &#8211; PLANTA 2 &#8211; PUERTA C11, 07121 PALMA DE MALLORCA<\/p>\n<hr \/>\n<h4>1. <strong>Introducci\u00f3n<\/strong><\/h4>\n<p>Bienvenido a ELECTRONIC CIRCUIT DESIGN, SLU. Al acceder y utilizar nuestro sitio web y servicios, usted acepta estar sujeto a estos T\u00e9rminos y Condiciones. Por favor, l\u00e9alos detenidamente.<\/p>\n<h4>2. <strong>Definiciones<\/strong><\/h4>\n<ul>\n<li><strong>&#8220;Nosotros&#8221;<\/strong>, <strong>&#8220;nuestro&#8221;<\/strong> o <strong>&#8220;ELECTRONIC CIRCUIT DESIGN, SLU&#8221;<\/strong>: Se refiere a ELECTRONIC CIRCUIT DESIGN, SLU, incluyendo nuestros empleados y agentes.<\/li>\n<li><strong>&#8220;Usuario&#8221;<\/strong> o <strong>&#8220;usted&#8221;<\/strong>: Se refiere a cualquier persona que accede y utiliza nuestro sitio web y servicios.<\/li>\n<\/ul>\n<h4>3. <strong>Uso del Sitio Web y Servicios<\/strong><\/h4>\n<p>El uso de nuestro sitio web y servicios est\u00e1 sujeto a las siguientes condiciones:<\/p>\n<ul>\n<li><strong>Acceso y Uso<\/strong>: Usted debe ser mayor de 18 a\u00f1os para utilizar nuestros servicios. Usted se compromete a utilizar el sitio web y los servicios \u00fanicamente para fines legales.<\/li>\n<li><strong>Cuenta de Usuario<\/strong>: Si crea una cuenta con nosotros, es responsable de mantener la confidencialidad de su informaci\u00f3n de inicio de sesi\u00f3n y de todas las actividades que ocurran bajo su cuenta.<\/li>\n<li><strong>Conducta del Usuario<\/strong>: No debe usar nuestro sitio web para transmitir, distribuir, almacenar o destruir material que sea ilegal, difamatorio, ofensivo, invasivo de la privacidad de terceros, o que infrinja los derechos de propiedad intelectual de cualquier persona.<\/li>\n<\/ul>\n<h4>4. <strong>Propiedad Intelectual<\/strong><\/h4>\n<p>Todos los contenidos y materiales disponibles en nuestro sitio web, incluyendo textos, gr\u00e1ficos, logotipos, iconos, im\u00e1genes y software, son propiedad de ELECTRONIC CIRCUIT DESIGN, SLU o sus licenciantes, y est\u00e1n protegidos por las leyes de propiedad intelectual.<\/p>\n<h4>5. <strong>Limitaci\u00f3n de Responsabilidad<\/strong><\/h4>\n<p>En la medida m\u00e1xima permitida por la ley aplicable, ELECTRONIC CIRCUIT DESIGN, SLU no ser\u00e1 responsable de ning\u00fan da\u00f1o directo, indirecto, incidental, especial o consecuente que surja de o en conexi\u00f3n con el uso o la incapacidad de usar nuestro sitio web o servicios.<\/p>\n<h4>6. <strong>Enlaces a Terceros<\/strong><\/h4>\n<p>Nuestro sitio web puede contener enlaces a sitios web de terceros. Estos enlaces se proporcionan \u00fanicamente para su conveniencia y no implican ning\u00fan respaldo de los contenidos de dichos sitios por parte de ELECTRONIC CIRCUIT DESIGN, SLU. No somos responsables del contenido ni de las pr\u00e1cticas de privacidad de estos sitios de terceros.<\/p>\n<h4>7. <strong>Modificaciones de los T\u00e9rminos<\/strong><\/h4>\n<p>Nos reservamos el derecho de modificar estos T\u00e9rminos y Condiciones en cualquier momento. Cualquier cambio ser\u00e1 publicado en nuestro sitio web y, si corresponde, le ser\u00e1 notificado por correo electr\u00f3nico. El uso continuado de nuestro sitio web despu\u00e9s de tales modificaciones constituir\u00e1 su aceptaci\u00f3n de los nuevos t\u00e9rminos.<\/p>\n<h4>8. <strong>Ley Aplicable y Jurisdicci\u00f3n<\/strong><\/h4>\n<p>Estos T\u00e9rminos y Condiciones se regir\u00e1n e interpretar\u00e1n de acuerdo con las leyes de Espa\u00f1a. Cualquier disputa que surja de o en conexi\u00f3n con estos t\u00e9rminos estar\u00e1 sujeta a la jurisdicci\u00f3n exclusiva de los tribunales de Palma de Mallorca.<\/p>\n<h4>9. <strong>Contacto<\/strong><\/h4>\n<p>Si tiene alguna pregunta o inquietud sobre estos T\u00e9rminos y Condiciones, por favor, cont\u00e1ctenos en:<\/p>\n<p><strong>ELECTRONIC CIRCUIT DESIGN, SLU<\/strong><br \/>\n<strong>Direcci\u00f3n<\/strong>: C\/ ISAAC NEWTON, S\/N &#8211; PLANTA 2 &#8211; PUERTA C11, 07121 PALMA DE MALLORCA<br \/>\n<strong>NIF<\/strong>: B16504821<br \/>\n<strong>Correo electr\u00f3nico<\/strong>: <strong><span class=\"elementor-icon-list-text\">e<\/span><span class=\"elementor-icon-list-text\">cdsl@ecdsl com<\/span><\/strong><\/p>\n","protected":false},"excerpt":{"rendered":"<p>ELECTRONIC CIRCUIT DESIGN, SLU NIF: B16504821 Direcci\u00f3n: C\/ ISAAC NEWTON, S\/N &#8211; PLANTA 2 &#8211; PUERTA C11, 07121 PALMA DE MALLORCA 1. Introducci\u00f3n Bienvenido a ELECTRONIC CIRCUIT DESIGN, SLU. Al acceder y utilizar nuestro sitio web y servicios, usted acepta estar sujeto a estos T\u00e9rminos y Condiciones. Por favor, l\u00e9alos detenidamente. 2. Definiciones &#8220;Nosotros&#8221;, &#8220;nuestro&#8221; [&hellip;]<\/p>\n","protected":false},"author":9,"featured_media":0,"parent":0,"menu_order":0,"comment_status":"closed","ping_status":"closed","template":"","meta":{"_acf_changed":false,"footnotes":""},"class_list":["post-1155","page","type-page","status-publish","hentry"],"acf":[],"_links":{"self":[{"href":"https:\/\/ecdsl.com\/en\/wp-json\/wp\/v2\/pages\/1155","targetHints":{"allow":["GET"]}}],"collection":[{"href":"https:\/\/ecdsl.com\/en\/wp-json\/wp\/v2\/pages"}],"about":[{"href":"https:\/\/ecdsl.com\/en\/wp-json\/wp\/v2\/types\/page"}],"author":[{"embeddable":true,"href":"https:\/\/ecdsl.com\/en\/wp-json\/wp\/v2\/users\/9"}],"replies":[{"embeddable":true,"href":"https:\/\/ecdsl.com\/en\/wp-json\/wp\/v2\/comments?post=1155"}],"version-history":[{"count":0,"href":"https:\/\/ecdsl.com\/en\/wp-json\/wp\/v2\/pages\/1155\/revisions"}],"wp:attachment":[{"href":"https:\/\/ecdsl.com\/en\/wp-json\/wp\/v2\/media?parent=1155"}],"curies":[{"name":"wp","href":"https:\/\/api.w.org\/{rel}","templated":true}]}}